{"id":3,"date":"2025-03-13T21:22:27","date_gmt":"2025-03-13T21:22:27","guid":{"rendered":"http:\/\/79.76.119.117\/wordpress\/?page_id=3"},"modified":"2025-03-14T23:19:21","modified_gmt":"2025-03-14T22:19:21","slug":"tekst","status":"publish","type":"page","link":"https:\/\/qsname.dedyn.io\/index.php\/tekst\/","title":{"rendered":"Piosenka o Matim"},"content":{"rendered":"\t\t<div data-elementor-type=\"wp-page\" data-elementor-id=\"3\" class=\"elementor elementor-3\">\n\t\t\t\t<div class=\"elementor-element elementor-element-45172716 e-flex e-con-boxed e-con e-parent\" data-id=\"45172716\" data-element_type=\"container\">\n\t\t\t\t\t<div class=\"e-con-inner\">\n\t\t\t\t<div class=\"elementor-element elementor-element-dc186a0 elementor-widget elementor-widget-text-editor\" data-id=\"dc186a0\" data-element_type=\"widget\" data-widget_type=\"text-editor.default\">\n\t\t\t\t<div class=\"elementor-widget-container\">\n\t\t\t\t\t\t\t\t\t\n<h2 class=\"wp-block-heading\">TEKST<\/h2>\n\n<p class=\"has-accent-1-color has-text-color has-link-color wp-elements-4c9bd6237607af5c812ccfb783410bd0\"><em>(Refren)<\/em><br \/>Na kanale MX, chemiczny Skorpion,<br \/>War Thunder leci, ka\u017cdy to rozumie!<br \/>Mateusz rz\u0105dzi, akcja w powietrzu,<br \/>Z kana\u0142em tym, zyskasz pr\u0119dko\u015b\u0107 i styl!<\/p>\n\n<p class=\"has-accent-1-color has-text-color has-link-color wp-elements-dbcef01c2d1a5d43b22946fe28ac2549\"><strong>(Zwrotka 1)<\/strong><br \/>Wchod\u017a na &#8220;MX Chemiczny Skorpion&#8221;,<br \/>Gdzie loty w War Thunder to prawdziwa misja!<br \/>Mateusz w akcji, nie boi si\u0119 wyzwa\u0144,<br \/>A w bitwach powietrznych, nie znajdziesz w nim s\u0142abo\u015bci!<\/p>\n\n<p class=\"has-accent-1-color has-text-color has-link-color wp-elements-9fe02d46e361117e7ad53cca86f8cf4d\"><strong>(Refren)<\/strong><br \/>Na kanale MX, chemiczny Skorpion,<br \/>War Thunder leci, ka\u017cdy to rozumie!<br \/>Mateusz rz\u0105dzi, akcja w powietrzu,<br \/>Z kana\u0142em tym, zyskasz pr\u0119dko\u015b\u0107 i styl!<\/p>\n\n<p class=\"has-accent-1-color has-text-color has-link-color wp-elements-6136aa3574f22d6910e23866a9faf58e\"><strong>(Zwrotka 2)<\/strong><br \/>Tankami je\u017adzi, w niebo wzlatuje,<br \/>Ka\u017cdy pojazd w r\u0119kach, to prawdziwa sztuka!<br \/>Z takim graczem w zespole &#8211; wygrana blisko,<br \/>MX Chemiczny Skorpion &#8211; w tym gra jest prosta!<\/p>\n\n<p class=\"has-accent-1-color has-text-color has-link-color wp-elements-9fe02d46e361117e7ad53cca86f8cf4d\"><strong>(Refren)<\/strong><br \/>Na kanale MX, chemiczny Skorpion,<br \/>War Thunder leci, ka\u017cdy to rozumie!<br \/>Mateusz rz\u0105dzi, akcja w powietrzu,<br \/>Z kana\u0142em tym, zyskasz pr\u0119dko\u015b\u0107 i styl!<\/p>\n\n<p class=\"has-accent-1-color has-text-color has-link-color wp-elements-a52038b8b0778e57ce8b70079230c39b\"><strong>(Bridge)<\/strong><br \/>Tak wi\u0119c klikaj, subskrybuj teraz,<br \/>Z Mateuszem poczujesz si\u0119 jak mistrz!<br \/>Ka\u017cdy odcinek to prawdziwa przygoda,<br \/>War Thunder z MX to najlepsza droga!<\/p>\n\n<p class=\"has-accent-1-color has-text-color has-link-color wp-elements-d3806e3fe089dc94e8dfb39266cbac23\"><em>(Refren \u2013 zako\u0144czenie)<\/em><br \/>Na kanale MX, chemiczny Skorpion,<br \/>War Thunder leci, ka\u017cdy to rozumie!<br \/>Mateusz rz\u0105dzi, akcja w powietrzu,<br \/>Z kana\u0142em tym, zyskasz pr\u0119dko\u015b\u0107 i styl!<\/p>\n\n<p>\u00a0<\/p>\n\t\t\t\t\t\t\t\t<\/div>\n\t\t\t\t<\/div>\n\t\t\t\t\t<\/div>\n\t\t\t\t<\/div>\n\t\t\t\t<\/div>\n\t\t","protected":false},"excerpt":{"rendered":"<p>TEKST (Refren)Na kanale MX, chemiczny Skorpion,War Thunder leci, ka\u017cdy to rozumie!Mateusz rz\u0105dzi, akcja w powietrzu,Z kana\u0142em tym, zyskasz pr\u0119dko\u015b\u0107 i styl! (Zwrotka 1)Wchod\u017a na &#8220;MX Chemiczny Skorpion&#8221;,Gdzie loty w War Thunder to prawdziwa misja!Mateusz w akcji, nie boi si\u0119 wyzwa\u0144,A w bitwach powietrznych, nie znajdziesz w nim s\u0142abo\u015bci! (Refren)Na kanale MX, chemiczny Skorpion,War Thunder leci, [&hellip;]<\/p>\n","protected":false},"author":1,"featured_media":0,"parent":0,"menu_order":0,"comment_status":"closed","ping_status":"open","template":"","meta":{"footnotes":""},"class_list":["post-3","page","type-page","status-publish","hentry"],"_links":{"self":[{"href":"https:\/\/qsname.dedyn.io\/index.php\/wp-json\/wp\/v2\/pages\/3","targetHints":{"allow":["GET"]}}],"collection":[{"href":"https:\/\/qsname.dedyn.io\/index.php\/wp-json\/wp\/v2\/pages"}],"about":[{"href":"https:\/\/qsname.dedyn.io\/index.php\/wp-json\/wp\/v2\/types\/page"}],"author":[{"embeddable":true,"href":"https:\/\/qsname.dedyn.io\/index.php\/wp-json\/wp\/v2\/users\/1"}],"replies":[{"embeddable":true,"href":"https:\/\/qsname.dedyn.io\/index.php\/wp-json\/wp\/v2\/comments?post=3"}],"version-history":[{"count":8,"href":"https:\/\/qsname.dedyn.io\/index.php\/wp-json\/wp\/v2\/pages\/3\/revisions"}],"predecessor-version":[{"id":67,"href":"https:\/\/qsname.dedyn.io\/index.php\/wp-json\/wp\/v2\/pages\/3\/revisions\/67"}],"wp:attachment":[{"href":"https:\/\/qsname.dedyn.io\/index.php\/wp-json\/wp\/v2\/media?parent=3"}],"curies":[{"name":"wp","href":"https:\/\/api.w.org\/{rel}","templated":true}]}}